{"id":11,"date":"2017-11-09T13:35:19","date_gmt":"2017-11-09T11:35:19","guid":{"rendered":"http:\/\/www.porvoonporssi.fi\/?page_id=11"},"modified":"2017-11-10T10:26:24","modified_gmt":"2017-11-10T08:26:24","slug":"kaytettyja-huonekaluja","status":"publish","type":"page","link":"https:\/\/www.porvoonporssi.fi\/?page_id=11","title":{"rendered":"K\u00e4ytettyj\u00e4 huonekaluja"},"content":{"rendered":"<p>Myymme my\u00f6s k\u00e4ytettyj\u00e4 kotihuonekaluja sek\u00e4 kodinkoneita ja kodin viihde-elektroniikkaa. Suurin osa k\u00e4ytetyist\u00e4 tavaroista ovat asiakkaiden omistamia ja meill\u00e4 ne ovat myyntitiliss\u00e4. Myynnin toteuduttua saatu myyntihinta jakautuu asiakkaan ja meid\u00e4n v\u00e4lill\u00e4 suhteessa 50\/50. Osa myynniss\u00e4 olevista tavaroista on talon omistuksessa, joten suoramyynti onnistuu my\u00f6s. T\u00e4ll\u00f6in asiakkaan saama hy\u00f6ty on hieman pienempi. Meilt\u00e4 l\u00f6ytyy lis\u00e4ksi kattava valikoima toimistokalusteita.<\/p>\n<p>&nbsp;<\/p>\n","protected":false},"excerpt":{"rendered":"<p>Myymme my\u00f6s k\u00e4ytettyj\u00e4 kotihuonekaluja sek\u00e4 kodinkoneita ja kodin viihde-elektroniikkaa. Suurin osa k\u00e4ytetyist\u00e4 tavaroista ovat asiakkaiden omistamia ja meill\u00e4 ne ovat myyntitiliss\u00e4. Myynnin toteuduttua saatu myyntihinta jakautuu asiakkaan ja meid\u00e4n v\u00e4lill\u00e4 suhteessa 50\/50. Osa myynniss\u00e4 olevista tavaroista on talon omistuksessa, joten suoramyynti onnistuu my\u00f6s. T\u00e4ll\u00f6in asiakkaan saama hy\u00f6ty on hieman pienempi. Meilt\u00e4 l\u00f6ytyy lis\u00e4ksi kattava valikoima [&hellip;]<\/p>\n","protected":false},"author":1,"featured_media":42,"parent":0,"menu_order":0,"comment_status":"closed","ping_status":"closed","template":"","meta":{"footnotes":""},"class_list":["post-11","page","type-page","status-publish","has-post-thumbnail","czr-hentry"],"_links":{"self":[{"href":"https:\/\/www.porvoonporssi.fi\/index.php?rest_route=\/wp\/v2\/pages\/11","targetHints":{"allow":["GET"]}}],"collection":[{"href":"https:\/\/www.porvoonporssi.fi\/index.php?rest_route=\/wp\/v2\/pages"}],"about":[{"href":"https:\/\/www.porvoonporssi.fi\/index.php?rest_route=\/wp\/v2\/types\/page"}],"author":[{"embeddable":true,"href":"https:\/\/www.porvoonporssi.fi\/index.php?rest_route=\/wp\/v2\/users\/1"}],"replies":[{"embeddable":true,"href":"https:\/\/www.porvoonporssi.fi\/index.php?rest_route=%2Fwp%2Fv2%2Fcomments&post=11"}],"version-history":[{"count":4,"href":"https:\/\/www.porvoonporssi.fi\/index.php?rest_route=\/wp\/v2\/pages\/11\/revisions"}],"predecessor-version":[{"id":63,"href":"https:\/\/www.porvoonporssi.fi\/index.php?rest_route=\/wp\/v2\/pages\/11\/revisions\/63"}],"wp:featuredmedia":[{"embeddable":true,"href":"https:\/\/www.porvoonporssi.fi\/index.php?rest_route=\/wp\/v2\/media\/42"}],"wp:attachment":[{"href":"https:\/\/www.porvoonporssi.fi\/index.php?rest_route=%2Fwp%2Fv2%2Fmedia&parent=11"}],"curies":[{"name":"wp","href":"https:\/\/api.w.org\/{rel}","templated":true}]}}