{"id":13,"date":"2017-11-09T13:35:45","date_gmt":"2017-11-09T11:35:45","guid":{"rendered":"http:\/\/www.porvoonporssi.fi\/?page_id=13"},"modified":"2017-11-10T09:57:14","modified_gmt":"2017-11-10T07:57:14","slug":"mittatilaus-tuotteita","status":"publish","type":"page","link":"https:\/\/www.porvoonporssi.fi\/?page_id=13","title":{"rendered":"Mittatilaus tuotteita"},"content":{"rendered":"<p>Kauttamme voit my\u00f6s tilata kalusteita omien mittojen mukaan. Esim. vaatekaappeja sek\u00e4 lipastoja ja senkkej\u00e4 mm. vanhoihin kiinteist\u00f6ihin, joihin standardimitat sovi. Valmiit piirustukset voit toimittaa PDF muodossa s\u00e4hk\u00f6postiimme ja tuoda paperiversioion liikkeeseemme. Teemme my\u00f6s piirustukset asiakkaan toiveiden ja omien mittojen mukaan tarvittaessa. Piirustukset saatuamme pyyd\u00e4mme hintatarjouksen valmistajalta ja tilaus\/hinta hyv\u00e4ksytet\u00e4\u00e4n asiakkaalla ennen sitovaa tilausta.<\/p>\n","protected":false},"excerpt":{"rendered":"<p>Kauttamme voit my\u00f6s tilata kalusteita omien mittojen mukaan. Esim. vaatekaappeja sek\u00e4 lipastoja ja senkkej\u00e4 mm. vanhoihin kiinteist\u00f6ihin, joihin standardimitat sovi. Valmiit piirustukset voit toimittaa PDF muodossa s\u00e4hk\u00f6postiimme ja tuoda paperiversioion liikkeeseemme. Teemme my\u00f6s piirustukset asiakkaan toiveiden ja omien mittojen mukaan tarvittaessa. Piirustukset saatuamme pyyd\u00e4mme hintatarjouksen valmistajalta ja tilaus\/hinta hyv\u00e4ksytet\u00e4\u00e4n asiakkaalla ennen sitovaa tilausta.<\/p>\n","protected":false},"author":1,"featured_media":4,"parent":0,"menu_order":0,"comment_status":"closed","ping_status":"closed","template":"","meta":{"footnotes":""},"class_list":["post-13","page","type-page","status-publish","has-post-thumbnail","czr-hentry"],"_links":{"self":[{"href":"https:\/\/www.porvoonporssi.fi\/index.php?rest_route=\/wp\/v2\/pages\/13","targetHints":{"allow":["GET"]}}],"collection":[{"href":"https:\/\/www.porvoonporssi.fi\/index.php?rest_route=\/wp\/v2\/pages"}],"about":[{"href":"https:\/\/www.porvoonporssi.fi\/index.php?rest_route=\/wp\/v2\/types\/page"}],"author":[{"embeddable":true,"href":"https:\/\/www.porvoonporssi.fi\/index.php?rest_route=\/wp\/v2\/users\/1"}],"replies":[{"embeddable":true,"href":"https:\/\/www.porvoonporssi.fi\/index.php?rest_route=%2Fwp%2Fv2%2Fcomments&post=13"}],"version-history":[{"count":1,"href":"https:\/\/www.porvoonporssi.fi\/index.php?rest_route=\/wp\/v2\/pages\/13\/revisions"}],"predecessor-version":[{"id":14,"href":"https:\/\/www.porvoonporssi.fi\/index.php?rest_route=\/wp\/v2\/pages\/13\/revisions\/14"}],"wp:featuredmedia":[{"embeddable":true,"href":"https:\/\/www.porvoonporssi.fi\/index.php?rest_route=\/wp\/v2\/media\/4"}],"wp:attachment":[{"href":"https:\/\/www.porvoonporssi.fi\/index.php?rest_route=%2Fwp%2Fv2%2Fmedia&parent=13"}],"curies":[{"name":"wp","href":"https:\/\/api.w.org\/{rel}","templated":true}]}}