{"id":17,"date":"2017-11-09T13:38:58","date_gmt":"2017-11-09T11:38:58","guid":{"rendered":"http:\/\/www.porvoonporssi.fi\/?page_id=17"},"modified":"2017-11-09T13:38:58","modified_gmt":"2017-11-09T11:38:58","slug":"yritys","status":"publish","type":"page","link":"https:\/\/www.porvoonporssi.fi\/?page_id=17","title":{"rendered":"Yritys"},"content":{"rendered":"<div class=\"itemIntroText\">\n<p>Porvoolainen vuonna 1992 perustettu perheyritys. Omistajina Kimmo Nuutti, Marko Nuutti ja Matti Nuutti.<\/p>\n<\/div>\n<div class=\"itemFullText\">\n<p>Yrityksen liikeideana on tarjota asiakkaille v\u00e4yl\u00e4 myyd\u00e4 k\u00e4ytetyt huonekalut ja ylim\u00e4\u00e4r\u00e4iset kodinkoneet k\u00e4yp\u00e4\u00e4n markkinahintaan. Sama periaate koskee my\u00f6s yrityksi\u00e4 toimistokalusteiden osalta. Tavarat ovat v\u00e4litysmyynniss\u00e4, jonka tuotto jaetaan t\u00e4ll\u00e4hetkell\u00e4 suhteessa 50 &#8211; 50. Asiakas joko tuo tavarat tai ne noudetaan pient\u00e4 korvausta vastaan. Tavaroiden edellytet\u00e4\u00e4n olevan ehji\u00e4 ja viel\u00e4 k\u00e4ytt\u00f6kelpoisia. Risoja laitteita tai huonekaluja emme ota vastaan.<\/p>\n<p>Tarjoamme my\u00f6s asiakkaille edullisia virolaisia uusia huonekaluja eri yhteisty\u00f6kumppanuus-tehtailtamme. Kasaamme ja tarvittaessa kuljetamme uudet huonekalut ilmaiseksi kotiin Porvoon kaupunkialueella. Meilt\u00e4 saa my\u00f6s yksil\u00f6llisi\u00e4 tilausty\u00f6n\u00e4 tehtyj\u00e4 perushuonekaluja.<\/p>\n<p>Yrityksille tarjoamme my\u00f6s huoneistojen sisustuspalvelua (esim. ty\u00f6miesk\u00e4mp\u00e4t). Olemme my\u00f6s tehneet jo vuosikausia yhteisty\u00f6t\u00e4 Porvoon kaupungin ja l\u00e4hikuntien sosiaalitoimien kanssa.<\/p>\n<\/div>\n","protected":false},"excerpt":{"rendered":"<p>Porvoolainen vuonna 1992 perustettu perheyritys. Omistajina Kimmo Nuutti, Marko Nuutti ja Matti Nuutti. Yrityksen liikeideana on tarjota asiakkaille v\u00e4yl\u00e4 myyd\u00e4 k\u00e4ytetyt huonekalut ja ylim\u00e4\u00e4r\u00e4iset kodinkoneet k\u00e4yp\u00e4\u00e4n markkinahintaan. Sama periaate koskee my\u00f6s yrityksi\u00e4 toimistokalusteiden osalta. Tavarat ovat v\u00e4litysmyynniss\u00e4, jonka tuotto jaetaan t\u00e4ll\u00e4hetkell\u00e4 suhteessa 50 &#8211; 50. Asiakas joko tuo tavarat tai ne noudetaan pient\u00e4 korvausta vastaan. [&hellip;]<\/p>\n","protected":false},"author":1,"featured_media":0,"parent":0,"menu_order":0,"comment_status":"closed","ping_status":"closed","template":"","meta":{"footnotes":""},"class_list":["post-17","page","type-page","status-publish","czr-hentry"],"_links":{"self":[{"href":"https:\/\/www.porvoonporssi.fi\/index.php?rest_route=\/wp\/v2\/pages\/17","targetHints":{"allow":["GET"]}}],"collection":[{"href":"https:\/\/www.porvoonporssi.fi\/index.php?rest_route=\/wp\/v2\/pages"}],"about":[{"href":"https:\/\/www.porvoonporssi.fi\/index.php?rest_route=\/wp\/v2\/types\/page"}],"author":[{"embeddable":true,"href":"https:\/\/www.porvoonporssi.fi\/index.php?rest_route=\/wp\/v2\/users\/1"}],"replies":[{"embeddable":true,"href":"https:\/\/www.porvoonporssi.fi\/index.php?rest_route=%2Fwp%2Fv2%2Fcomments&post=17"}],"version-history":[{"count":1,"href":"https:\/\/www.porvoonporssi.fi\/index.php?rest_route=\/wp\/v2\/pages\/17\/revisions"}],"predecessor-version":[{"id":19,"href":"https:\/\/www.porvoonporssi.fi\/index.php?rest_route=\/wp\/v2\/pages\/17\/revisions\/19"}],"wp:attachment":[{"href":"https:\/\/www.porvoonporssi.fi\/index.php?rest_route=%2Fwp%2Fv2%2Fmedia&parent=17"}],"curies":[{"name":"wp","href":"https:\/\/api.w.org\/{rel}","templated":true}]}}