{"id":23,"date":"2017-11-09T13:41:19","date_gmt":"2017-11-09T11:41:19","guid":{"rendered":"http:\/\/www.porvoonporssi.fi\/?page_id=23"},"modified":"2024-04-12T10:46:18","modified_gmt":"2024-04-12T07:46:18","slug":"yhteystiedot","status":"publish","type":"page","link":"https:\/\/www.porvoonporssi.fi\/?page_id=23","title":{"rendered":"Yhteystiedot"},"content":{"rendered":"<h3>Porvoon Realisointip\u00f6rssi Oy<\/h3>\n<p>Ty\u00f6pajatie 36<br \/>\npuh:\u00a00400-447539<br \/>\ns\u00e4hk\u00f6posti: nuutti@porvoonporssi.fi<br \/>\nwww.porvoonporssi.fi<\/p>\n<p>Avoinna<br \/>\nma-pe 9.00-17.00<br \/>\nLa 9-14 (kes\u00e4lauantaisin suljettu)<\/p>\n<p><iframe loading=\"lazy\" style=\"border: 0;\" src=\"https:\/\/www.google.com\/maps\/embed?pb=!1m18!1m12!1m3!1d1970.4629355577922!2d25.684809316500548!3d60.40454793138943!2m3!1f0!2f0!3f0!3m2!1i1024!2i768!4f13.1!3m3!1m2!1s0x4691f422fc5efca5%3A0x4e1bf0756d442393!2sPorvoon+Realisointip%C3%B6rssi!5e0!3m2!1sfi!2sfi!4v1510227663066\" width=\"600\" height=\"450\" frameborder=\"0\" allowfullscreen=\"allowfullscreen\"><\/iframe><\/p>\n","protected":false},"excerpt":{"rendered":"<p>Porvoon Realisointip\u00f6rssi Oy Ty\u00f6pajatie 36 puh:\u00a00400-447539 s\u00e4hk\u00f6posti: nuutti@porvoonporssi.fi www.porvoonporssi.fi Avoinna ma-pe 9.00-17.00 La 9-14 (kes\u00e4lauantaisin suljettu)<\/p>\n","protected":false},"author":1,"featured_media":0,"parent":0,"menu_order":0,"comment_status":"closed","ping_status":"closed","template":"","meta":{"footnotes":""},"class_list":["post-23","page","type-page","status-publish","czr-hentry"],"_links":{"self":[{"href":"https:\/\/www.porvoonporssi.fi\/index.php?rest_route=\/wp\/v2\/pages\/23","targetHints":{"allow":["GET"]}}],"collection":[{"href":"https:\/\/www.porvoonporssi.fi\/index.php?rest_route=\/wp\/v2\/pages"}],"about":[{"href":"https:\/\/www.porvoonporssi.fi\/index.php?rest_route=\/wp\/v2\/types\/page"}],"author":[{"embeddable":true,"href":"https:\/\/www.porvoonporssi.fi\/index.php?rest_route=\/wp\/v2\/users\/1"}],"replies":[{"embeddable":true,"href":"https:\/\/www.porvoonporssi.fi\/index.php?rest_route=%2Fwp%2Fv2%2Fcomments&post=23"}],"version-history":[{"count":3,"href":"https:\/\/www.porvoonporssi.fi\/index.php?rest_route=\/wp\/v2\/pages\/23\/revisions"}],"predecessor-version":[{"id":67,"href":"https:\/\/www.porvoonporssi.fi\/index.php?rest_route=\/wp\/v2\/pages\/23\/revisions\/67"}],"wp:attachment":[{"href":"https:\/\/www.porvoonporssi.fi\/index.php?rest_route=%2Fwp%2Fv2%2Fmedia&parent=23"}],"curies":[{"name":"wp","href":"https:\/\/api.w.org\/{rel}","templated":true}]}}