{"id":29,"date":"2017-11-09T13:43:49","date_gmt":"2017-11-09T11:43:49","guid":{"rendered":"http:\/\/www.porvoonporssi.fi\/?page_id=29"},"modified":"2017-11-10T09:36:29","modified_gmt":"2017-11-10T07:36:29","slug":"kalusteet","status":"publish","type":"page","link":"https:\/\/www.porvoonporssi.fi\/?page_id=29","title":{"rendered":"Kalusteet"},"content":{"rendered":"<p>Kalustevalikoimaamme kuuluu mm:<\/p>\n<p><img loading=\"lazy\" decoding=\"async\" class=\"alignnone wp-image-39\" src=\"https:\/\/www.porvoonporssi.fi\/wp-content\/uploads\/2017\/11\/9b2c4b44fb86522964124ed80d03c5e8_XL-150x150.jpg\" alt=\"\" width=\"224\" height=\"224\" srcset=\"https:\/\/www.porvoonporssi.fi\/wp-content\/uploads\/2017\/11\/9b2c4b44fb86522964124ed80d03c5e8_XL-150x150.jpg 150w, https:\/\/www.porvoonporssi.fi\/wp-content\/uploads\/2017\/11\/9b2c4b44fb86522964124ed80d03c5e8_XL-510x510.jpg 510w\" sizes=\"auto, (max-width: 224px) 100vw, 224px\" \/>\u00a0<img loading=\"lazy\" decoding=\"async\" class=\"alignnone size-medium wp-image-44\" src=\"https:\/\/www.porvoonporssi.fi\/wp-content\/uploads\/2017\/11\/c889234799e865bbe90cee71f6cd2e53_XL-300x225.jpg\" alt=\"\" width=\"300\" height=\"225\" srcset=\"https:\/\/www.porvoonporssi.fi\/wp-content\/uploads\/2017\/11\/c889234799e865bbe90cee71f6cd2e53_XL-300x225.jpg 300w, https:\/\/www.porvoonporssi.fi\/wp-content\/uploads\/2017\/11\/c889234799e865bbe90cee71f6cd2e53_XL-768x575.jpg 768w, https:\/\/www.porvoonporssi.fi\/wp-content\/uploads\/2017\/11\/c889234799e865bbe90cee71f6cd2e53_XL.jpg 940w\" sizes=\"auto, (max-width: 300px) 100vw, 300px\" \/><\/p>\n<p><img loading=\"lazy\" decoding=\"async\" class=\"alignnone size-medium wp-image-40\" src=\"https:\/\/www.porvoonporssi.fi\/wp-content\/uploads\/2017\/11\/71f67488b0857639cee631943a3fc6fa_XL-300x225.jpg\" alt=\"\" width=\"300\" height=\"225\" srcset=\"https:\/\/www.porvoonporssi.fi\/wp-content\/uploads\/2017\/11\/71f67488b0857639cee631943a3fc6fa_XL-300x225.jpg 300w, https:\/\/www.porvoonporssi.fi\/wp-content\/uploads\/2017\/11\/71f67488b0857639cee631943a3fc6fa_XL-768x576.jpg 768w, https:\/\/www.porvoonporssi.fi\/wp-content\/uploads\/2017\/11\/71f67488b0857639cee631943a3fc6fa_XL.jpg 940w\" sizes=\"auto, (max-width: 300px) 100vw, 300px\" \/> <img loading=\"lazy\" decoding=\"async\" class=\"alignnone size-medium wp-image-41\" src=\"https:\/\/www.porvoonporssi.fi\/wp-content\/uploads\/2017\/11\/077ab55046ce80eaf9a3ddea999597ca_XL-300x222.jpg\" alt=\"\" width=\"300\" height=\"222\" srcset=\"https:\/\/www.porvoonporssi.fi\/wp-content\/uploads\/2017\/11\/077ab55046ce80eaf9a3ddea999597ca_XL-300x222.jpg 300w, https:\/\/www.porvoonporssi.fi\/wp-content\/uploads\/2017\/11\/077ab55046ce80eaf9a3ddea999597ca_XL-768x569.jpg 768w, https:\/\/www.porvoonporssi.fi\/wp-content\/uploads\/2017\/11\/077ab55046ce80eaf9a3ddea999597ca_XL.jpg 940w\" sizes=\"auto, (max-width: 300px) 100vw, 300px\" \/><\/p>\n<p><img loading=\"lazy\" decoding=\"async\" class=\"alignnone size-medium wp-image-46\" src=\"https:\/\/www.porvoonporssi.fi\/wp-content\/uploads\/2017\/11\/fc1da7257992fc36032e11db3df7a664_XL-300x200.jpg\" alt=\"\" width=\"300\" height=\"200\" srcset=\"https:\/\/www.porvoonporssi.fi\/wp-content\/uploads\/2017\/11\/fc1da7257992fc36032e11db3df7a664_XL-300x200.jpg 300w, https:\/\/www.porvoonporssi.fi\/wp-content\/uploads\/2017\/11\/fc1da7257992fc36032e11db3df7a664_XL-768x511.jpg 768w, https:\/\/www.porvoonporssi.fi\/wp-content\/uploads\/2017\/11\/fc1da7257992fc36032e11db3df7a664_XL.jpg 940w\" sizes=\"auto, (max-width: 300px) 100vw, 300px\" \/>\u00a0<img loading=\"lazy\" decoding=\"async\" class=\"alignnone size-medium wp-image-42\" src=\"https:\/\/www.porvoonporssi.fi\/wp-content\/uploads\/2017\/11\/4965657af186b9092c7a96976ffe881c_XL-300x201.jpg\" alt=\"\" width=\"300\" height=\"201\" srcset=\"https:\/\/www.porvoonporssi.fi\/wp-content\/uploads\/2017\/11\/4965657af186b9092c7a96976ffe881c_XL-300x201.jpg 300w, https:\/\/www.porvoonporssi.fi\/wp-content\/uploads\/2017\/11\/4965657af186b9092c7a96976ffe881c_XL-768x516.jpg 768w, https:\/\/www.porvoonporssi.fi\/wp-content\/uploads\/2017\/11\/4965657af186b9092c7a96976ffe881c_XL.jpg 940w\" sizes=\"auto, (max-width: 300px) 100vw, 300px\" \/><\/p>\n<p><img loading=\"lazy\" decoding=\"async\" class=\"alignnone size-medium wp-image-43\" src=\"https:\/\/www.porvoonporssi.fi\/wp-content\/uploads\/2017\/11\/c9b002fe1bb0320831a8ae78670fdb6f_XL-201x300.jpg\" alt=\"\" width=\"201\" height=\"300\" srcset=\"https:\/\/www.porvoonporssi.fi\/wp-content\/uploads\/2017\/11\/c9b002fe1bb0320831a8ae78670fdb6f_XL-201x300.jpg 201w, https:\/\/www.porvoonporssi.fi\/wp-content\/uploads\/2017\/11\/c9b002fe1bb0320831a8ae78670fdb6f_XL-768x1148.jpg 768w, https:\/\/www.porvoonporssi.fi\/wp-content\/uploads\/2017\/11\/c9b002fe1bb0320831a8ae78670fdb6f_XL-685x1024.jpg 685w, https:\/\/www.porvoonporssi.fi\/wp-content\/uploads\/2017\/11\/c9b002fe1bb0320831a8ae78670fdb6f_XL.jpg 940w\" sizes=\"auto, (max-width: 201px) 100vw, 201px\" \/>\u00a0 <img loading=\"lazy\" decoding=\"async\" class=\"alignnone size-medium wp-image-45\" src=\"https:\/\/www.porvoonporssi.fi\/wp-content\/uploads\/2017\/11\/f4b6dca0e2911082f0eb6e1df1a0e11d_XL-208x300.jpg\" alt=\"\" width=\"208\" height=\"300\" srcset=\"https:\/\/www.porvoonporssi.fi\/wp-content\/uploads\/2017\/11\/f4b6dca0e2911082f0eb6e1df1a0e11d_XL-208x300.jpg 208w, https:\/\/www.porvoonporssi.fi\/wp-content\/uploads\/2017\/11\/f4b6dca0e2911082f0eb6e1df1a0e11d_XL-768x1110.jpg 768w, https:\/\/www.porvoonporssi.fi\/wp-content\/uploads\/2017\/11\/f4b6dca0e2911082f0eb6e1df1a0e11d_XL-709x1024.jpg 709w, https:\/\/www.porvoonporssi.fi\/wp-content\/uploads\/2017\/11\/f4b6dca0e2911082f0eb6e1df1a0e11d_XL.jpg 940w\" sizes=\"auto, (max-width: 208px) 100vw, 208px\" \/><\/p>\n<p>Lis\u00e4\u00e4 kuvia l\u00f6yd\u00e4n Facebook sivuiltamme.<\/p>\n","protected":false},"excerpt":{"rendered":"<p>Kalustevalikoimaamme kuuluu mm: \u00a0 \u00a0 \u00a0 Lis\u00e4\u00e4 kuvia l\u00f6yd\u00e4n Facebook sivuiltamme.<\/p>\n","protected":false},"author":1,"featured_media":0,"parent":0,"menu_order":0,"comment_status":"closed","ping_status":"closed","template":"","meta":{"footnotes":""},"class_list":["post-29","page","type-page","status-publish","czr-hentry"],"_links":{"self":[{"href":"https:\/\/www.porvoonporssi.fi\/index.php?rest_route=\/wp\/v2\/pages\/29","targetHints":{"allow":["GET"]}}],"collection":[{"href":"https:\/\/www.porvoonporssi.fi\/index.php?rest_route=\/wp\/v2\/pages"}],"about":[{"href":"https:\/\/www.porvoonporssi.fi\/index.php?rest_route=\/wp\/v2\/types\/page"}],"author":[{"embeddable":true,"href":"https:\/\/www.porvoonporssi.fi\/index.php?rest_route=\/wp\/v2\/users\/1"}],"replies":[{"embeddable":true,"href":"https:\/\/www.porvoonporssi.fi\/index.php?rest_route=%2Fwp%2Fv2%2Fcomments&post=29"}],"version-history":[{"count":3,"href":"https:\/\/www.porvoonporssi.fi\/index.php?rest_route=\/wp\/v2\/pages\/29\/revisions"}],"predecessor-version":[{"id":56,"href":"https:\/\/www.porvoonporssi.fi\/index.php?rest_route=\/wp\/v2\/pages\/29\/revisions\/56"}],"wp:attachment":[{"href":"https:\/\/www.porvoonporssi.fi\/index.php?rest_route=%2Fwp%2Fv2%2Fmedia&parent=29"}],"curies":[{"name":"wp","href":"https:\/\/api.w.org\/{rel}","templated":true}]}}