{"id":9,"date":"2017-11-09T13:34:45","date_gmt":"2017-11-09T11:34:45","guid":{"rendered":"http:\/\/www.porvoonporssi.fi\/?page_id=9"},"modified":"2017-11-10T09:55:24","modified_gmt":"2017-11-10T07:55:24","slug":"uusi-huonekaluja","status":"publish","type":"page","link":"https:\/\/www.porvoonporssi.fi\/?page_id=9","title":{"rendered":"Uusia huonekaluja"},"content":{"rendered":"<div class=\"moduleItemIntrotext\">\n<p>Tuomme maahan Virolaisia huonekaluja. Meill\u00e4 on Virossa useita yhteisty\u00f6 tehtaita ja pientoimittajia. Parhaimmillaan tehtaita oli 12 kappaletta ja olemme joidenkin kanssa tehneet yhteisty\u00f6t\u00e4 jo yli kaksikymment\u00e4 vuotta. Talouden laskusuhdanteen vuoksi m\u00e4\u00e4r\u00e4 on nykyisell\u00e4\u00e4n hieman supistunut. Noudamme kalusteita keskim\u00e4\u00e4rin 1-2 kertaa kuukaudessa, joten toimitusajat ovat useimmiten hyvinkin kohtuullisia.<\/p>\n<p>Vaslikoimastamme l\u00f6ytyy s\u00e4nkyj\u00e4, lipastoja, p\u00f6yti\u00e4, tuoleja, sohvia, lepotuoleja, vaatekaappeja, lastenkalusteita ja lukuisia muita artikkeleita. Valtaosa tuotteista on valmistettu kokonaan m\u00e4nnyst\u00e4 tai koivusta. Ja v\u00e4rej\u00e4 l\u00f6ytyy laaja valikoima.<\/p>\n<\/div>\n","protected":false},"excerpt":{"rendered":"<p>Tuomme maahan Virolaisia huonekaluja. Meill\u00e4 on Virossa useita yhteisty\u00f6 tehtaita ja pientoimittajia. Parhaimmillaan tehtaita oli 12 kappaletta ja olemme joidenkin kanssa tehneet yhteisty\u00f6t\u00e4 jo yli kaksikymment\u00e4 vuotta. Talouden laskusuhdanteen vuoksi m\u00e4\u00e4r\u00e4 on nykyisell\u00e4\u00e4n hieman supistunut. Noudamme kalusteita keskim\u00e4\u00e4rin 1-2 kertaa kuukaudessa, joten toimitusajat ovat useimmiten hyvinkin kohtuullisia. Vaslikoimastamme l\u00f6ytyy s\u00e4nkyj\u00e4, lipastoja, p\u00f6yti\u00e4, tuoleja, sohvia, lepotuoleja, [&hellip;]<\/p>\n","protected":false},"author":1,"featured_media":46,"parent":0,"menu_order":0,"comment_status":"closed","ping_status":"closed","template":"","meta":{"footnotes":""},"class_list":["post-9","page","type-page","status-publish","has-post-thumbnail","czr-hentry"],"_links":{"self":[{"href":"https:\/\/www.porvoonporssi.fi\/index.php?rest_route=\/wp\/v2\/pages\/9","targetHints":{"allow":["GET"]}}],"collection":[{"href":"https:\/\/www.porvoonporssi.fi\/index.php?rest_route=\/wp\/v2\/pages"}],"about":[{"href":"https:\/\/www.porvoonporssi.fi\/index.php?rest_route=\/wp\/v2\/types\/page"}],"author":[{"embeddable":true,"href":"https:\/\/www.porvoonporssi.fi\/index.php?rest_route=\/wp\/v2\/users\/1"}],"replies":[{"embeddable":true,"href":"https:\/\/www.porvoonporssi.fi\/index.php?rest_route=%2Fwp%2Fv2%2Fcomments&post=9"}],"version-history":[{"count":2,"href":"https:\/\/www.porvoonporssi.fi\/index.php?rest_route=\/wp\/v2\/pages\/9\/revisions"}],"predecessor-version":[{"id":48,"href":"https:\/\/www.porvoonporssi.fi\/index.php?rest_route=\/wp\/v2\/pages\/9\/revisions\/48"}],"wp:featuredmedia":[{"embeddable":true,"href":"https:\/\/www.porvoonporssi.fi\/index.php?rest_route=\/wp\/v2\/media\/46"}],"wp:attachment":[{"href":"https:\/\/www.porvoonporssi.fi\/index.php?rest_route=%2Fwp%2Fv2%2Fmedia&parent=9"}],"curies":[{"name":"wp","href":"https:\/\/api.w.org\/{rel}","templated":true}]}}